{"id":68059,"date":"2025-04-22T13:05:27","date_gmt":"2025-04-22T12:05:27","guid":{"rendered":"https:\/\/ericeiraoptica.com\/my-account\/"},"modified":"2025-10-30T16:43:21","modified_gmt":"2025-10-30T16:43:21","slug":"my-account","status":"publish","type":"page","link":"https:\/\/ericeiraoptica.com\/en\/my-account\/","title":{"rendered":"My account"},"content":{"rendered":"\t\t<div data-elementor-type=\"wp-page\" data-elementor-id=\"68059\" class=\"elementor elementor-68059 elementor-10\" data-elementor-post-type=\"page\">\n\t\t\t\t<div class=\"elementor-element elementor-element-11c47bb section-title e-flex e-con-boxed e-con e-parent\" data-id=\"11c47bb\" data-element_type=\"container\" data-e-type=\"container\">\n\t\t\t\t\t<div class=\"e-con-inner\">\n\t\t<div class=\"elementor-element elementor-element-25dde4a e-con-full e-flex e-con e-child\" data-id=\"25dde4a\" data-element_type=\"container\" data-e-type=\"container\" data-settings=\"{&quot;background_background&quot;:&quot;classic&quot;}\">\n\t\t\t\t<div class=\"elementor-element elementor-element-90595f4 archive-breadcrumbs font-uppercase elementor-widget elementor-widget-woocommerce-breadcrumb\" data-id=\"90595f4\" data-element_type=\"widget\" data-e-type=\"widget\" data-widget_type=\"woocommerce-breadcrumb.default\">\n\t\t\t\t\t<nav class=\"woocommerce-breadcrumb\" aria-label=\"Breadcrumb\"><\/nav>\t\t\t\t<\/div>\n\t\t\t\t<\/div>\n\t\t\t\t\t<\/div>\n\t\t\t\t<\/div>\n\t\t<div class=\"elementor-element elementor-element-7b8556c padding-0 e-flex e-con-boxed e-con e-parent\" data-id=\"7b8556c\" data-element_type=\"container\" data-e-type=\"container\">\n\t\t\t\t\t<div class=\"e-con-inner\">\n\t\t<div class=\"elementor-element elementor-element-3b8234f e-con-full section-s e-flex e-con e-child\" data-id=\"3b8234f\" data-element_type=\"container\" data-e-type=\"container\" data-settings=\"{&quot;background_background&quot;:&quot;classic&quot;}\">\n\t\t\t\t<div class=\"elementor-element elementor-element-ab91191 wc-my-account e-my-account-tabs-vertical elementor-widget elementor-widget-woocommerce-my-account\" data-id=\"ab91191\" data-element_type=\"widget\" data-e-type=\"widget\" data-widget_type=\"woocommerce-my-account.default\">\n\t\t\t\t\t<div class=\"e-my-account-tab e-my-account-tab__ \">\t\t\t<div class=\"woocommerce\"><div class=\"woocommerce-notices-wrapper\"><\/div>\n\n<div class=\"u-columns col2-set\" id=\"customer_login\">\n\n\t<div class=\"u-column1 col-1\">\n\n\n\t\t<h2>Login<\/h2>\n\n\t\t<form class=\"woocommerce-form woocommerce-form-login login\" method=\"post\" novalidate>\n\n\t\t\t\n\t\t\t<p class=\"woocommerce-form-row woocommerce-form-row--wide form-row form-row-wide\">\n\t\t\t\t<label for=\"username\">Username or email address&nbsp;<span class=\"required\" aria-hidden=\"true\">*<\/span><span class=\"screen-reader-text\">Required<\/span><\/label>\n\t\t\t\t<input type=\"text\" class=\"woocommerce-Input woocommerce-Input--text input-text\" name=\"username\" id=\"username\" autocomplete=\"username\" value=\"\" required aria-required=\"true\" \/>\t\t\t<\/p>\n\t\t\t<p class=\"woocommerce-form-row woocommerce-form-row--wide form-row form-row-wide\">\n\t\t\t\t<label for=\"password\">Password&nbsp;<span class=\"required\" aria-hidden=\"true\">*<\/span><span class=\"screen-reader-text\">Required<\/span><\/label>\n\t\t\t\t<input class=\"woocommerce-Input woocommerce-Input--text input-text\" type=\"password\" name=\"password\" id=\"password\" autocomplete=\"current-password\" required aria-required=\"true\" \/>\n\t\t\t<\/p>\n\n\t\t\t<script id=\"gRecaptchaSrc\" src=\"https:\/\/www.google.com\/recaptcha\/api.js?render=6LcrFVMsAAAAABhXwEoxgYMQsz4LCK0ZFFPioBXe\"><\/script>\r\n<script>\r\n\tgrecaptcha.ready(function() {\r\n\t\tgrecaptcha.execute('6LcrFVMsAAAAABhXwEoxgYMQsz4LCK0ZFFPioBXe', {action: 'submit'}).then(function(token) {\r\n\t\t\tdocument.getElementById(\"g-recaptcha-response-69e0eee72b25b\").value = token; \r\n\t\t});\r\n\t});\r\n<\/script>\r\n<input type=\"hidden\" id=\"g-recaptcha-response-69e0eee72b25b\" name=\"g-recaptcha-response\" \/>\r\n\n\t\t\t<p class=\"form-row\">\n\t\t\t\t<label class=\"woocommerce-form__label woocommerce-form__label-for-checkbox woocommerce-form-login__rememberme\">\n\t\t\t\t\t<input class=\"woocommerce-form__input woocommerce-form__input-checkbox\" name=\"rememberme\" type=\"checkbox\" id=\"rememberme\" value=\"forever\" \/> <span>Remember me<\/span>\n\t\t\t\t<\/label>\n\t\t\t\t<input type=\"hidden\" id=\"woocommerce-login-nonce\" name=\"woocommerce-login-nonce\" value=\"8c791b7b5c\" \/><input type=\"hidden\" name=\"_wp_http_referer\" value=\"\/en\/wp-json\/wp\/v2\/pages\/68059\" \/>\t\t\t\t<button type=\"submit\" class=\"woocommerce-button button woocommerce-form-login__submit\" name=\"login\" value=\"Log in\">Log in<\/button>\n\t\t\t<\/p>\n\t\t\t<p class=\"woocommerce-LostPassword lost_password\">\n\t\t\t\t<a href=\"https:\/\/ericeiraoptica.com\/en\/my-account\/lost-password\/\">Lost your password?<\/a>\n\t\t\t<\/p>\n\n\t\t\t\n\t\t<\/form>\n\n\n\t<\/div>\n\n\t<div class=\"u-column2 col-2\">\n\n\t\t<h2>Register<\/h2>\n\n\t\t<form method=\"post\" class=\"woocommerce-form woocommerce-form-register register\"  >\n\n\t\t\t\n\t\t\t\n\t\t\t<p class=\"woocommerce-form-row woocommerce-form-row--wide form-row form-row-wide\">\n\t\t\t\t<label for=\"reg_email\">Email address&nbsp;<span class=\"required\" aria-hidden=\"true\">*<\/span><span class=\"screen-reader-text\">Required<\/span><\/label>\n\t\t\t\t<input type=\"email\" class=\"woocommerce-Input woocommerce-Input--text input-text\" name=\"email\" id=\"reg_email\" autocomplete=\"email\" value=\"\" required aria-required=\"true\" \/>\t\t\t<\/p>\n\n\t\t\t\n\t\t\t\t<p>A link to set a new password will be sent to your email address.<\/p>\n\n\t\t\t\n\t\t\t<wc-order-attribution-inputs><\/wc-order-attribution-inputs><script id=\"gRecaptchaSrc\" src=\"https:\/\/www.google.com\/recaptcha\/api.js?render=6LcrFVMsAAAAABhXwEoxgYMQsz4LCK0ZFFPioBXe\"><\/script>\r\n<script>\r\n\tgrecaptcha.ready(function() {\r\n\t\tgrecaptcha.execute('6LcrFVMsAAAAABhXwEoxgYMQsz4LCK0ZFFPioBXe', {action: 'submit'}).then(function(token) {\r\n\t\t\tdocument.getElementById(\"g-recaptcha-response-69e0eee72b570\").value = token; \r\n\t\t});\r\n\t});\r\n<\/script>\r\n<input type=\"hidden\" id=\"g-recaptcha-response-69e0eee72b570\" name=\"g-recaptcha-response\" \/>\r\n<div class=\"woocommerce-privacy-policy-text\"><p>Os teus dados ser\u00e3o usados para gerir o acesso \u00e0 tua conta, melhorar a tua experi\u00eancia no site e cumprir a nossa <a href=\"https:\/\/ericeiraoptica.com\/politica-de-privacidade\/\" class=\"woocommerce-privacy-policy-link\" target=\"_blank\">privacy policy<\/a>.<\/p>\n<\/div>\n\t\t\t<p class=\"woocommerce-form-row form-row\">\n\t\t\t\t<input type=\"hidden\" id=\"woocommerce-register-nonce\" name=\"woocommerce-register-nonce\" value=\"e7c5933beb\" \/><input type=\"hidden\" name=\"_wp_http_referer\" value=\"\/en\/wp-json\/wp\/v2\/pages\/68059\" \/>\t\t\t\t<button type=\"submit\" class=\"woocommerce-Button woocommerce-button button woocommerce-form-register__submit\" name=\"register\" value=\"Register\">Register<\/button>\n\t\t\t<\/p>\n\n\t\t\t\n\t\t<\/form>\n\n\t<\/div>\n\n<\/div>\n\n<\/div>\t\t<\/div>\n\t\t\t\t\t\t<\/div>\n\t\t\t\t<\/div>\n\t\t\t\t\t<\/div>\n\t\t\t\t<\/div>\n\t\t\t\t<\/div>\n\t\t","protected":false},"excerpt":{"rendered":"<p>Overview Orders Downloads Adresses M\u00e9todos de Pagamento Profile Log out Ol\u00e1 DWSI (n\u00e3o \u00e9 DWSI? Sair) No painel da sua conta pode ver as encomendas mais recentes, gerir as moradas de envio e de factura\u00e7\u00e3o e editar os detalhes e a senha da conta.<\/p>\n","protected":false},"author":2,"featured_media":0,"parent":0,"menu_order":0,"comment_status":"closed","ping_status":"closed","template":"","meta":{"_seopress_robots_primary_cat":"","_seopress_titles_title":"","_seopress_titles_desc":"","_seopress_robots_index":"","footnotes":""},"class_list":["post-68059","page","type-page","status-publish","hentry"],"_links":{"self":[{"href":"https:\/\/ericeiraoptica.com\/en\/wp-json\/wp\/v2\/pages\/68059","targetHints":{"allow":["GET"]}}],"collection":[{"href":"https:\/\/ericeiraoptica.com\/en\/wp-json\/wp\/v2\/pages"}],"about":[{"href":"https:\/\/ericeiraoptica.com\/en\/wp-json\/wp\/v2\/types\/page"}],"author":[{"embeddable":true,"href":"https:\/\/ericeiraoptica.com\/en\/wp-json\/wp\/v2\/users\/2"}],"replies":[{"embeddable":true,"href":"https:\/\/ericeiraoptica.com\/en\/wp-json\/wp\/v2\/comments?post=68059"}],"version-history":[{"count":0,"href":"https:\/\/ericeiraoptica.com\/en\/wp-json\/wp\/v2\/pages\/68059\/revisions"}],"wp:attachment":[{"href":"https:\/\/ericeiraoptica.com\/en\/wp-json\/wp\/v2\/media?parent=68059"}],"curies":[{"name":"wp","href":"https:\/\/api.w.org\/{rel}","templated":true}]}}