{"id":68733,"date":"2025-08-11T19:23:25","date_gmt":"2025-08-11T18:23:25","guid":{"rendered":"https:\/\/ericeiraoptica.com\/quem-somos\/"},"modified":"2025-12-11T01:16:17","modified_gmt":"2025-12-11T01:16:17","slug":"a-propos-de-nous","status":"publish","type":"page","link":"https:\/\/ericeiraoptica.com\/fr\/a-propos-de-nous\/","title":{"rendered":"\u00c0 propos de Nous"},"content":{"rendered":"\t\t<div data-elementor-type=\"wp-page\" data-elementor-id=\"68733\" class=\"elementor elementor-68733 elementor-24829\" data-elementor-post-type=\"page\">\n\t\t\t\t<div class=\"elementor-element elementor-element-bacc2ac e-flex e-con-boxed e-con e-parent\" data-id=\"bacc2ac\" data-element_type=\"container\" data-e-type=\"container\">\n\t\t\t\t\t<div class=\"e-con-inner\">\n\t\t<div class=\"elementor-element elementor-element-391f5e2 e-con-full padding-block-l padding-inline-2xl tm-padding-block-m tm-padding-inline-l e-flex e-con e-child\" data-id=\"391f5e2\" data-element_type=\"container\" data-e-type=\"container\" data-settings=\"{&quot;background_background&quot;:&quot;classic&quot;}\">\n\t\t\t\t<div class=\"elementor-element elementor-element-a0da8d0 archive-breadcrumbs font-uppercase elementor-widget elementor-widget-woocommerce-breadcrumb\" data-id=\"a0da8d0\" data-element_type=\"widget\" data-e-type=\"widget\" data-widget_type=\"woocommerce-breadcrumb.default\">\n\t\t\t\t\t<nav class=\"woocommerce-breadcrumb\" aria-label=\"Breadcrumb\"><\/nav>\t\t\t\t<\/div>\n\t\t\t\t<\/div>\n\t\t\t\t\t<\/div>\n\t\t\t\t<\/div>\n\t\t<div class=\"elementor-element elementor-element-40ca3dc e-flex e-con-boxed e-con e-parent\" data-id=\"40ca3dc\" data-element_type=\"container\" data-e-type=\"container\">\n\t\t\t\t\t<div class=\"e-con-inner\">\n\t\t<div class=\"elementor-element elementor-element-a401809 e-con-full padding-0 e-flex e-con e-child\" data-id=\"a401809\" data-element_type=\"container\" data-e-type=\"container\" data-settings=\"{&quot;background_background&quot;:&quot;classic&quot;}\">\n\t\t<div class=\"elementor-element elementor-element-6c8044b e-con-full e-flex e-con e-child\" data-id=\"6c8044b\" data-element_type=\"container\" data-e-type=\"container\">\n\t\t<div class=\"elementor-element elementor-element-91c52ce e-con-full padding-block-l padding-inline-2xl tm-padding-block-l tm-padding-inline-m e-flex e-con e-child\" data-id=\"91c52ce\" data-element_type=\"container\" data-e-type=\"container\">\n\t\t\t\t<div class=\"elementor-element elementor-element-3604ad4 font-weight-500 elementor-widget elementor-widget-heading\" data-id=\"3604ad4\" data-element_type=\"widget\" data-e-type=\"widget\" data-widget_type=\"heading.default\">\n\t\t\t\t\t<h2 class=\"elementor-heading-title elementor-size-default\">Le concept<\/h2>\t\t\t\t<\/div>\n\t\t\t\t<div class=\"elementor-element elementor-element-870c46d elementor-widget elementor-widget-text-editor\" data-id=\"870c46d\" data-element_type=\"widget\" data-e-type=\"widget\" data-widget_type=\"text-editor.default\">\n\t\t\t\t\t\t\t\t\t<p>Ericeir\u00f3ptica est une entreprise familiale qui poss\u00e8de deux magasins \u00e0 Ericeira, sp\u00e9cialis\u00e9e dans l&rsquo;optique de qualit\u00e9. Elle propose des montures, des lunettes de soleil, des verres ophtalmiques et des lentilles de contact, ainsi que des services d&rsquo;optom\u00e9trie. Repr\u00e9sentante Optivis\u00e3o \u00e0 gestion ind\u00e9pendante, elle met l&rsquo;accent sur la personnalisation du service, alliant design, confort et performance visuelle dans une exp\u00e9rience unique.<\/p>\t\t\t\t\t\t\t\t<\/div>\n\t\t\t\t<\/div>\n\t\t<div class=\"elementor-element elementor-element-82e5599 e-con-full e-flex e-con e-child\" data-id=\"82e5599\" data-element_type=\"container\" data-e-type=\"container\" data-settings=\"{&quot;background_background&quot;:&quot;classic&quot;}\">\n\t\t\t\t<\/div>\n\t\t\t\t<\/div>\n\t\t<div class=\"elementor-element elementor-element-6f8ea3d e-con-full e-flex e-con e-child\" data-id=\"6f8ea3d\" data-element_type=\"container\" data-e-type=\"container\">\n\t\t<div class=\"elementor-element elementor-element-17b3527 e-con-full padding-block-l padding-inline-2xl tm-padding-block-l tm-padding-inline-m e-flex e-con e-child\" data-id=\"17b3527\" data-element_type=\"container\" data-e-type=\"container\" data-settings=\"{&quot;background_background&quot;:&quot;classic&quot;}\">\n\t\t\t\t<div class=\"elementor-element elementor-element-c31b6d3 font-weight-500 elementor-widget elementor-widget-heading\" data-id=\"c31b6d3\" data-element_type=\"widget\" data-e-type=\"widget\" data-widget_type=\"heading.default\">\n\t\t\t\t\t<h2 class=\"elementor-heading-title elementor-size-default\">L\u2019avenir<\/h2>\t\t\t\t<\/div>\n\t\t\t\t<div class=\"elementor-element elementor-element-37c8c76 elementor-widget elementor-widget-text-editor\" data-id=\"37c8c76\" data-element_type=\"widget\" data-e-type=\"widget\" data-widget_type=\"text-editor.default\">\n\t\t\t\t\t\t\t\t\t<p>Fond\u00e9e par Lu\u00eds Miguel et Patr\u00edcia, professionnels ayant plus de deux d\u00e9cennies d&rsquo;exp\u00e9rience sur le march\u00e9, et une \u00e9quipe qualifi\u00e9e, l&rsquo;entreprise continue d&rsquo;innover.<br \/>Ericeira \u00d3ptica reste fid\u00e8le aux valeurs de confiance, d&rsquo;excellence et de proximit\u00e9 avec le client, alliant passion et excellence pour offrir des solutions visuelles de qualit\u00e9.<\/p>\t\t\t\t\t\t\t\t<\/div>\n\t\t\t\t<\/div>\n\t\t<div class=\"elementor-element elementor-element-c504e8a e-con-full e-flex e-con e-child\" data-id=\"c504e8a\" data-element_type=\"container\" data-e-type=\"container\" data-settings=\"{&quot;background_background&quot;:&quot;classic&quot;}\">\n\t\t\t\t<\/div>\n\t\t\t\t<\/div>\n\t\t\t\t<\/div>\n\t\t\t\t\t<\/div>\n\t\t\t\t<\/div>\n\t\t<div class=\"elementor-element elementor-element-daa9b3f e-flex e-con-boxed e-con e-parent\" data-id=\"daa9b3f\" data-element_type=\"container\" data-e-type=\"container\">\n\t\t\t\t\t<div class=\"e-con-inner\">\n\t\t<div class=\"elementor-element elementor-element-2336bd3 e-con-full e-flex e-con e-child\" data-id=\"2336bd3\" data-element_type=\"container\" data-e-type=\"container\" data-settings=\"{&quot;background_background&quot;:&quot;classic&quot;}\">\n\t\t\t\t<\/div>\n\t\t\t\t\t<\/div>\n\t\t\t\t<\/div>\n\t\t<div class=\"elementor-element elementor-element-66f6770 e-flex e-con-boxed e-con e-parent\" data-id=\"66f6770\" data-element_type=\"container\" data-e-type=\"container\">\n\t\t\t\t\t<div class=\"e-con-inner\">\n\t\t<div class=\"elementor-element elementor-element-78242d9 e-con-full padding-0 e-flex e-con e-child\" data-id=\"78242d9\" data-element_type=\"container\" data-e-type=\"container\" data-settings=\"{&quot;background_background&quot;:&quot;classic&quot;}\">\n\t\t<div class=\"elementor-element elementor-element-4d24615 e-con-full padding-block-l padding-inline-2xl tm-padding-block-l tm-padding-inline-m e-flex e-con e-child\" data-id=\"4d24615\" data-element_type=\"container\" data-e-type=\"container\">\n\t\t\t\t<div class=\"elementor-element elementor-element-8ffc9d2 font-weight-500 elementor-widget elementor-widget-heading\" data-id=\"8ffc9d2\" data-element_type=\"widget\" data-e-type=\"widget\" data-widget_type=\"heading.default\">\n\t\t\t\t\t<h2 class=\"elementor-heading-title elementor-size-default\">Ericeira Eyewear<\/h2>\t\t\t\t<\/div>\n\t\t\t\t<div class=\"elementor-element elementor-element-7497b78 elementor-widget elementor-widget-text-editor\" data-id=\"7497b78\" data-element_type=\"widget\" data-e-type=\"widget\" data-widget_type=\"text-editor.default\">\n\t\t\t\t\t\t\t\t\t<p>Ericeira Eyewear est n\u00e9e d&rsquo;une passion pour la mer et la culture c\u00f4ti\u00e8re portugaise, transformant chaque paire de lunettes en un hommage \u00e0 la beaut\u00e9 et \u00e0 l&rsquo;authenticit\u00e9 d&rsquo;Ericeira. Plus qu&rsquo;un simple accessoire, ce sont des pi\u00e8ces qui capturent l&rsquo;essence des vagues parfaites, des couchers de soleil inoubliables et des histoires que seul l&rsquo;Atlantique sait raconter.<\/p>\n<p>Chaque mod\u00e8le rend hommage \u00e0 des plages embl\u00e9matiques, de la force imposante des Coxos \u00e0 la s\u00e9r\u00e9nit\u00e9 \u00e9l\u00e9gante du Sud. Ce lien avec le territoire et son \u00e9nergie inspire un design intemporel, pens\u00e9 pour ceux qui appr\u00e9cient le style, le confort et l&rsquo;authenticit\u00e9.<\/p>\t\t\t\t\t\t\t\t<\/div>\n\t\t\t\t<\/div>\n\t\t<div class=\"elementor-element elementor-element-29c8bfe e-con-full elementor-hidden-tablet e-flex e-con e-child\" data-id=\"29c8bfe\" data-element_type=\"container\" data-e-type=\"container\" data-settings=\"{&quot;background_background&quot;:&quot;classic&quot;}\">\n\t\t\t\t<\/div>\n\t\t<div class=\"elementor-element elementor-element-638bfb4 e-con-full padding-block-l padding-inline-2xl tm-padding-block-l tm-padding-inline-m e-flex e-con e-child\" data-id=\"638bfb4\" data-element_type=\"container\" data-e-type=\"container\">\n\t\t\t\t<div class=\"elementor-element elementor-element-acb2e6d elementor-widget elementor-widget-text-editor\" data-id=\"acb2e6d\" data-element_type=\"widget\" data-e-type=\"widget\" data-widget_type=\"text-editor.default\">\n\t\t\t\t\t\t\t\t\t<p>Nous combinons une technologie de pointe et une production artisanale pour cr\u00e9er des lunettes de soleil haut de gamme, fabriqu\u00e9es au Portugal. Nous utilisons l&rsquo;ac\u00e9tate, un mat\u00e9riau naturel, durable et l\u00e9ger, qui permet des finitions raffin\u00e9es et une personnalisation. Les verres solaires Zeiss, mondialement reconnus pour leur nettet\u00e9 et leur protection, garantissent une exp\u00e9rience visuelle incomparable.<\/p>\n<p>La durabilit\u00e9 est dans notre ADN, car nous privil\u00e9gions les mat\u00e9riaux durables, les processus de production responsables et la cr\u00e9ation de pi\u00e8ces intemporelles. Choisir Ericeira Eyewear, c&rsquo;est voir le monde plus clairement, vivre chaque instant avec l&rsquo;intensit\u00e9 de ceux qui savent que les meilleures vagues et les plus beaux couchers de soleil ne se r\u00e9p\u00e8tent pas.<\/p>\t\t\t\t\t\t\t\t<\/div>\n\t\t\t\t<\/div>\n\t\t\t\t<\/div>\n\t\t\t\t\t<\/div>\n\t\t\t\t<\/div>\n\t\t\t\t<\/div>\n\t\t","protected":false},"excerpt":{"rendered":"<p>Le concept Ericeir\u00f3ptica est une entreprise familiale qui poss\u00e8de deux magasins \u00e0 Ericeira, sp\u00e9cialis\u00e9e dans l&rsquo;optique de qualit\u00e9. Elle propose des montures, des lunettes de soleil, des verres ophtalmiques et des lentilles de contact, ainsi que des services d&rsquo;optom\u00e9trie. Repr\u00e9sentante Optivis\u00e3o \u00e0 gestion ind\u00e9pendante, elle met l&rsquo;accent sur la personnalisation du service, alliant design, confort [&hellip;]<\/p>\n","protected":false},"author":1,"featured_media":0,"parent":0,"menu_order":0,"comment_status":"closed","ping_status":"closed","template":"","meta":{"_seopress_robots_primary_cat":"","_seopress_titles_title":"","_seopress_titles_desc":"","_seopress_robots_index":"","footnotes":""},"class_list":["post-68733","page","type-page","status-publish","hentry"],"_links":{"self":[{"href":"https:\/\/ericeiraoptica.com\/fr\/wp-json\/wp\/v2\/pages\/68733","targetHints":{"allow":["GET"]}}],"collection":[{"href":"https:\/\/ericeiraoptica.com\/fr\/wp-json\/wp\/v2\/pages"}],"about":[{"href":"https:\/\/ericeiraoptica.com\/fr\/wp-json\/wp\/v2\/types\/page"}],"author":[{"embeddable":true,"href":"https:\/\/ericeiraoptica.com\/fr\/wp-json\/wp\/v2\/users\/1"}],"replies":[{"embeddable":true,"href":"https:\/\/ericeiraoptica.com\/fr\/wp-json\/wp\/v2\/comments?post=68733"}],"version-history":[{"count":0,"href":"https:\/\/ericeiraoptica.com\/fr\/wp-json\/wp\/v2\/pages\/68733\/revisions"}],"wp:attachment":[{"href":"https:\/\/ericeiraoptica.com\/fr\/wp-json\/wp\/v2\/media?parent=68733"}],"curies":[{"name":"wp","href":"https:\/\/api.w.org\/{rel}","templated":true}]}}